{"id":939,"date":"2010-02-03T10:46:25","date_gmt":"2010-02-03T09:46:25","guid":{"rendered":"http:\/\/blog.namesztovszkizsolt.com\/?page_id=939"},"modified":"2013-02-26T02:34:29","modified_gmt":"2013-02-26T01:34:29","slug":"galeria","status":"publish","type":"page","link":"http:\/\/blog.namesztovszkizsolt.com\/?page_id=939","title":{"rendered":"Gal\u00e9ria"},"content":{"rendered":"<p><strong><span style=\"text-decoration: underline;\"><br \/>\n<strong><span style=\"text-decoration: underline;\"><a href=\"http:\/\/blog.namesztovszkizsolt.com\/?p=2206\" target=\"_self\">Videot\u00e1r<\/a><\/span><\/strong><\/span><\/strong><\/p>\n<p><strong><span style=\"text-decoration: underline;\"><a href=\"http:\/\/blog.namesztovszkizsolt.com\/?p=2210\" target=\"_self\">Hangt\u00e1r<\/a><\/span><\/strong><\/p>\n<p><span style=\"font-weight: bold; text-decoration: underline;\"><a href=\"http:\/\/blog.namesztovszkizsolt.com\/?p=2212\" target=\"_self\">K\u00e9pt\u00e1r<\/a><\/span><\/p>\n<div id=\"facebook_like\"><iframe src=\"http:\/\/www.facebook.com\/plugins\/like.php?href=http%3A%2F%2Fblog.namesztovszkizsolt.com%2F%3Fpage_id%3D939&amp;layout=standard&amp;show_faces=true&amp;width=500&amp;action=like&amp;font=segoe+ui&amp;colorscheme=light&amp;height=80\" scrolling=\"no\" frameborder=\"0\" style=\"border:none; overflow:hidden; width:500px; height:80px;\" allowTransparency=\"true\"><\/iframe><\/div>","protected":false},"excerpt":{"rendered":"<p>Videot\u00e1r Hangt\u00e1r K\u00e9pt\u00e1r<\/p>\n","protected":false},"author":1,"featured_media":0,"parent":0,"menu_order":6,"comment_status":"open","ping_status":"open","template":"","meta":[],"_links":{"self":[{"href":"http:\/\/blog.namesztovszkizsolt.com\/index.php?rest_route=\/wp\/v2\/pages\/939"}],"collection":[{"href":"http:\/\/blog.namesztovszkizsolt.com\/index.php?rest_route=\/wp\/v2\/pages"}],"about":[{"href":"http:\/\/blog.namesztovszkizsolt.com\/index.php?rest_route=\/wp\/v2\/types\/page"}],"author":[{"embeddable":true,"href":"http:\/\/blog.namesztovszkizsolt.com\/index.php?rest_route=\/wp\/v2\/users\/1"}],"replies":[{"embeddable":true,"href":"http:\/\/blog.namesztovszkizsolt.com\/index.php?rest_route=%2Fwp%2Fv2%2Fcomments&post=939"}],"version-history":[{"count":72,"href":"http:\/\/blog.namesztovszkizsolt.com\/index.php?rest_route=\/wp\/v2\/pages\/939\/revisions"}],"predecessor-version":[{"id":2259,"href":"http:\/\/blog.namesztovszkizsolt.com\/index.php?rest_route=\/wp\/v2\/pages\/939\/revisions\/2259"}],"wp:attachment":[{"href":"http:\/\/blog.namesztovszkizsolt.com\/index.php?rest_route=%2Fwp%2Fv2%2Fmedia&parent=939"}],"curies":[{"name":"wp","href":"https:\/\/api.w.org\/{rel}","templated":true}]}}