{"id":2357,"date":"2013-03-05T12:32:59","date_gmt":"2013-03-05T11:32:59","guid":{"rendered":"http:\/\/blog.namesztovszkizsolt.com\/?page_id=2357"},"modified":"2015-11-22T23:51:13","modified_gmt":"2015-11-22T22:51:13","slug":"blog-2","status":"publish","type":"page","link":"http:\/\/blog.namesztovszkizsolt.com\/?page_id=2357","title":{"rendered":"Blog"},"content":{"rendered":"<p><strong><a href=\"http:\/\/blog.namesztovszkizsolt.com\/?p=631\" target=\"_self\">2009.11.13. &#8211; U\u017eice<\/a><\/strong><\/p>\n<p><strong><a href=\"http:\/\/blog.namesztovszkizsolt.com\/?p=738\" target=\"_self\">2009.11.19-20. &#8211; Baja<\/a><\/strong><\/p>\n<p><strong><a href=\"http:\/\/blog.namesztovszkizsolt.com\/?p=2361\" target=\"\">2013.03.05. &#8211; Az els\u0151 hetek tapasztalatai az \u00faj szemeszterben<\/a><\/strong><\/p>\n<p><strong><a href=\"http:\/\/blog.namesztovszkizsolt.com\/?p=2445\" target=\"\">2013.04.26. &#8211; \u00c9lm\u00e9nypedag\u00f3gia QR-k\u00f3dok seg\u00edts\u00e9g\u00e9vel<\/a><\/strong><\/p>\n<p><strong><a href=\"http:\/\/blog.namesztovszkizsolt.com\/?p=2535\" target=\"\">2013.06.05. &#8211; Innov\u00e1ci\u00f3s t\u00f6rekv\u00e9seim az oktat\u00e1stechnol\u00f3gia kurzus keret\u00e9n bel\u00fcl<\/a><\/strong><\/p>\n<p><strong><a href=\"http:\/\/blog.namesztovszkizsolt.com\/?p=2520\" target=\"\">2013.06.06. &#8211; Pedag\u00f3gusjel\u00f6ltekb\u0151l pedag\u00f3gusok \u2013 egy abszolvens est marg\u00f3j\u00e1ra<\/a><\/strong><\/p>\n<p><strong><a href=\"http:\/\/blog.namesztovszkizsolt.com\/?p=2632\" target=\"\">2013.08.03. &#8211;\u00a0Pedag\u00f3gusjel\u00f6ltek attit\u0171dvizsg\u00e1lata a web 1.0-\u00e1s \u00e9s a web 2.0-\u00e1s oktat\u00e1si k\u00f6rnyezetekr\u0151l<\/a><\/strong><\/p>\n<p><strong><a href=\"http:\/\/blog.namesztovszkizsolt.com\/?p=2644\" target=\"\">2013.09.03. &#8211;\u00a0Oktat\u00e1sinformatikai rendszerek \u2013 ANDM-128 \u00e9s ANDM-128L (ELTE PPK, tavaszi szemeszter)<\/a><\/strong><\/p>\n<p><strong><a href=\"http:\/\/blog.namesztovszkizsolt.com\/?p=2727\" target=\"\">2013.11.02. &#8211;\u00a0Gondolataim a Digit\u00e1lis \u00e1llampolg\u00e1rs\u00e1g kutat\u00e1s\/konferencia kapcs\u00e1n<\/a><\/strong><\/p>\n<p><strong><a href=\"http:\/\/blog.namesztovszkizsolt.com\/?p=2758\" target=\"\">2013.12.21. &#8211;\u00a0Az els\u0151 k\u00f6nyvbemutat\u00f3m marg\u00f3j\u00e1ra<\/a><\/strong><\/p>\n<p><strong><a href=\"http:\/\/blog.namesztovszkizsolt.com\/?p=2927\" target=\"\">2014.05.24. &#8211;\u00a0Besz\u00e1mol\u00f3 az I. IKT az oktat\u00e1sban konferenci\u00e1r\u00f3l<\/a><\/strong><\/p>\n<p><strong><a href=\"http:\/\/blog.namesztovszkizsolt.com\/?p=2961\" target=\"\">2014.08.19. &#8211;\u00a0Online tanul\u00e1sr\u00f3l tanulni online form\u00e1ban, avagy lehet\u0151s\u00e9gek a Coursera-n a szakmai tov\u00e1bbk\u00e9pz\u00e9sre<\/a><\/strong><\/p>\n<p><strong><a href=\"http:\/\/blog.namesztovszkizsolt.com\/?p=2976\" target=\"\">2014.09.01. &#8211;\u00a0K\u00f6lts\u00e9ges szavaz\u00f3rendszerek helyett online alkalmaz\u00e1sok<\/a><\/strong><\/p>\n<p><strong><a href=\"http:\/\/blog.namesztovszkizsolt.com\/?p=3036\" target=\"\">2014.10.24. &#8211;\u00a0Socrative &#8211; az aktu\u00e1lis innov\u00e1ci\u00f3s t\u00f6rekv\u00e9sem<\/a><\/strong><\/p>\n<p><strong><a href=\"http:\/\/blog.namesztovszkizsolt.com\/?p=3062\" target=\"\">2014.12.07. &#8211;\u00a0Elvon\u00e1s a fels\u0151oktat\u00e1st\u00f3l, b\u00e9rcs\u00f6kkent\u00e9s \u00e9s ami m\u00f6g\u00f6tte van<\/a><\/strong><\/p>\n<p><strong><a href=\"http:\/\/blog.namesztovszkizsolt.com\/?p=3116\" target=\"\">2015.01.31. &#8211;\u00a0Egy alakul\u00f3 vajdas\u00e1gi MOOC k\u00f6rvonalai<\/a><\/strong><\/p>\n<p><strong><a href=\"http:\/\/blog.namesztovszkizsolt.com\/?p=3152\" target=\"\">2015.05.30. &#8211;\u00a0Besz\u00e1mol\u00f3 a XXI. Multim\u00e9dia az oktat\u00e1sban \u00e9s a II. IKT az oktat\u00e1sban konferenci\u00e1r\u00f3l<\/a><\/strong><\/p>\n<p><strong><a href=\"http:\/\/blog.namesztovszkizsolt.com\/?p=3252\" target=\"\">2015.11.16. &#8211;\u00a0Hogyan k\u00e9sz\u00fcl\/v\u00e1ltozik egy online kurzus? &#8211; T\u00c9BIA 2.0<\/a><\/strong><\/p>\n<p><strong><a href=\"http:\/\/blog.namesztovszkizsolt.com\/?p=3282\" target=\"\">2015.11.22. &#8211;\u00a0Dositej Obradovi\u0107 Gimn\u00e1zium \u00e9s K\u00f6zgazdas\u00e1gi Iskola 50 \u00e9ve &#8211; D\u00edsz\u00fcl\u00e9s<\/a><\/strong><\/p>\n<div id=\"facebook_like\"><iframe src=\"http:\/\/www.facebook.com\/plugins\/like.php?href=http%3A%2F%2Fblog.namesztovszkizsolt.com%2F%3Fpage_id%3D2357&amp;layout=standard&amp;show_faces=true&amp;width=500&amp;action=like&amp;font=segoe+ui&amp;colorscheme=light&amp;height=80\" scrolling=\"no\" frameborder=\"0\" style=\"border:none; overflow:hidden; width:500px; height:80px;\" allowTransparency=\"true\"><\/iframe><\/div>","protected":false},"excerpt":{"rendered":"<p>2009.11.13. &#8211; U\u017eice 2009.11.19-20. &#8211; Baja 2013.03.05. &#8211; Az els\u0151 hetek tapasztalatai az \u00faj szemeszterben 2013.04.26. &#8211; \u00c9lm\u00e9nypedag\u00f3gia QR-k\u00f3dok seg\u00edts\u00e9g\u00e9vel 2013.06.05. &#8211; Innov\u00e1ci\u00f3s t\u00f6rekv\u00e9seim az oktat\u00e1stechnol\u00f3gia kurzus keret\u00e9n bel\u00fcl 2013.06.06. &#8211; Pedag\u00f3gusjel\u00f6ltekb\u0151l pedag\u00f3gusok \u2013 egy abszolvens est marg\u00f3j\u00e1ra 2013.08.03. &#8211;\u00a0Pedag\u00f3gusjel\u00f6ltek &hellip; <a href=\"http:\/\/blog.namesztovszkizsolt.com\/?page_id=2357\">Continue reading <span class=\"meta-nav\">&rarr;<\/span><\/a><\/p>\n","protected":false},"author":1,"featured_media":0,"parent":0,"menu_order":0,"comment_status":"open","ping_status":"open","template":"","meta":[],"_links":{"self":[{"href":"http:\/\/blog.namesztovszkizsolt.com\/index.php?rest_route=\/wp\/v2\/pages\/2357"}],"collection":[{"href":"http:\/\/blog.namesztovszkizsolt.com\/index.php?rest_route=\/wp\/v2\/pages"}],"about":[{"href":"http:\/\/blog.namesztovszkizsolt.com\/index.php?rest_route=\/wp\/v2\/types\/page"}],"author":[{"embeddable":true,"href":"http:\/\/blog.namesztovszkizsolt.com\/index.php?rest_route=\/wp\/v2\/users\/1"}],"replies":[{"embeddable":true,"href":"http:\/\/blog.namesztovszkizsolt.com\/index.php?rest_route=%2Fwp%2Fv2%2Fcomments&post=2357"}],"version-history":[{"count":26,"href":"http:\/\/blog.namesztovszkizsolt.com\/index.php?rest_route=\/wp\/v2\/pages\/2357\/revisions"}],"predecessor-version":[{"id":3286,"href":"http:\/\/blog.namesztovszkizsolt.com\/index.php?rest_route=\/wp\/v2\/pages\/2357\/revisions\/3286"}],"wp:attachment":[{"href":"http:\/\/blog.namesztovszkizsolt.com\/index.php?rest_route=%2Fwp%2Fv2%2Fmedia&parent=2357"}],"curies":[{"name":"wp","href":"https:\/\/api.w.org\/{rel}","templated":true}]}}