{"id":2098,"date":"2013-01-28T10:18:10","date_gmt":"2013-01-28T09:18:10","guid":{"rendered":"http:\/\/blog.namesztovszkizsolt.com\/?page_id=2098"},"modified":"2014-03-04T11:53:09","modified_gmt":"2014-03-04T10:53:09","slug":"elte","status":"publish","type":"page","link":"http:\/\/blog.namesztovszkizsolt.com\/?page_id=2098","title":{"rendered":"ELTE PPK"},"content":{"rendered":"<h1><img loading=\"lazy\" class=\"alignnone\" alt=\"\" src=\"http:\/\/blog.namesztovszkizsolt.com\/wp-content\/uploads\/2009\/10\/elte.jpg\" width=\"602\" height=\"125\" \/><\/h1>\n<p style=\"margin: 0px 0px 1em; color: #222222; font-family: Arial, Verdana, sens-serif; font-size: 14px; line-height: 24.5px;\"><strong>Konzult\u00e1ci\u00f3s id\u0151pontjai<\/strong><\/p>\n<p style=\"margin: 0px 0px 1em; color: #222222; font-family: Arial, Verdana, sens-serif; font-size: 14px; line-height: 24.5px;\"><a href=\"mailto: namesztovszkizsolt@gmail.com\">namesztovszkizsolt@gmail.com<\/a><\/p>\n<p style=\"margin: 0px 0px 1em; color: #222222; font-family: Arial, Verdana, sens-serif; font-size: 14px; line-height: 24.5px;\"><span style=\"color: #222222; font-family: Arial, Verdana, sens-serif; font-size: 14px; font-weight: bold; line-height: 24.5px;\">Kurzusaim:<\/span><\/p>\n<p><span style=\"color: #222222; font-family: Arial, Verdana, sens-serif; font-size: 14px; line-height: 24.5px; text-align: justify;\"><strong><a href=\"http:\/\/blog.namesztovszkizsolt.com\/?p=2126\">Oktat\u00e1sinformatikai rendszerek (Andrag\u00f3gia MA)<\/a><\/strong><\/span><\/p>\n<p><strong><a href=\"http:\/\/blog.namesztovszkizsolt.com\/?p=2680\">Informatika (Sportszervez\u0151 BA)<\/a><\/strong><\/p>\n<p><strong><a href=\"http:\/\/blog.namesztovszkizsolt.com\/?p=2868\">M\u00e9dialabor (Andrag\u00f3gia MA)<\/a><\/strong><\/p>\n<div id=\"facebook_like\"><iframe src=\"http:\/\/www.facebook.com\/plugins\/like.php?href=http%3A%2F%2Fblog.namesztovszkizsolt.com%2F%3Fpage_id%3D2098&amp;layout=standard&amp;show_faces=true&amp;width=500&amp;action=like&amp;font=segoe+ui&amp;colorscheme=light&amp;height=80\" scrolling=\"no\" frameborder=\"0\" style=\"border:none; overflow:hidden; width:500px; height:80px;\" allowTransparency=\"true\"><\/iframe><\/div>","protected":false},"excerpt":{"rendered":"<p>Konzult\u00e1ci\u00f3s id\u0151pontjai namesztovszkizsolt@gmail.com Kurzusaim: Oktat\u00e1sinformatikai rendszerek (Andrag\u00f3gia MA) Informatika (Sportszervez\u0151 BA) M\u00e9dialabor (Andrag\u00f3gia MA)<\/p>\n","protected":false},"author":1,"featured_media":0,"parent":0,"menu_order":2,"comment_status":"open","ping_status":"open","template":"","meta":[],"_links":{"self":[{"href":"http:\/\/blog.namesztovszkizsolt.com\/index.php?rest_route=\/wp\/v2\/pages\/2098"}],"collection":[{"href":"http:\/\/blog.namesztovszkizsolt.com\/index.php?rest_route=\/wp\/v2\/pages"}],"about":[{"href":"http:\/\/blog.namesztovszkizsolt.com\/index.php?rest_route=\/wp\/v2\/types\/page"}],"author":[{"embeddable":true,"href":"http:\/\/blog.namesztovszkizsolt.com\/index.php?rest_route=\/wp\/v2\/users\/1"}],"replies":[{"embeddable":true,"href":"http:\/\/blog.namesztovszkizsolt.com\/index.php?rest_route=%2Fwp%2Fv2%2Fcomments&post=2098"}],"version-history":[{"count":26,"href":"http:\/\/blog.namesztovszkizsolt.com\/index.php?rest_route=\/wp\/v2\/pages\/2098\/revisions"}],"predecessor-version":[{"id":2684,"href":"http:\/\/blog.namesztovszkizsolt.com\/index.php?rest_route=\/wp\/v2\/pages\/2098\/revisions\/2684"}],"wp:attachment":[{"href":"http:\/\/blog.namesztovszkizsolt.com\/index.php?rest_route=%2Fwp%2Fv2%2Fmedia&parent=2098"}],"curies":[{"name":"wp","href":"https:\/\/api.w.org\/{rel}","templated":true}]}}