{"id":19,"date":"2009-10-02T21:58:48","date_gmt":"2009-10-02T19:58:48","guid":{"rendered":"http:\/\/blog.namesztovszkizsolt.com\/?page_id=19"},"modified":"2011-09-11T11:33:26","modified_gmt":"2011-09-11T09:33:26","slug":"ecdl","status":"publish","type":"page","link":"http:\/\/blog.namesztovszkizsolt.com\/?page_id=19","title":{"rendered":"ECDL"},"content":{"rendered":"<p><img loading=\"lazy\" class=\"alignnone size-medium wp-image-364\" src=\"http:\/\/blog.namesztovszkizsolt.com\/wp-content\/uploads\/2009\/10\/ecdl-logo-300x2941-300x155.jpg\" alt=\"ecdl-logo-300x294\" width=\"300\" height=\"155\" srcset=\"http:\/\/blog.namesztovszkizsolt.com\/wp-content\/uploads\/2009\/10\/2009\/10\/ecdl-logo-300x2941-300x155.jpg 300w, http:\/\/blog.namesztovszkizsolt.com\/wp-content\/uploads\/2009\/10\/2009\/10\/ecdl-logo-300x2941.jpg 453w\" sizes=\"(max-width: 300px) 100vw, 300px\" \/><\/p>\n<p style=\"text-align: justify;\">Az Eur\u00f3pai Sz\u00e1m\u00edt\u00f3g\u00e9p-haszn\u00e1l\u00f3i Jogos\u00edtv\u00e1ny (European Computer Driving Licence &#8211; ECDL) \u00a0az Eur\u00f3pai Uni\u00f3 \u00e1ltal t\u00e1mogatott, egys\u00e9ges eur\u00f3pai sz\u00e1m\u00edt\u00f3g\u00e9p-haszn\u00e1l\u00f3i bizony\u00edtv\u00e1ny, amely nem els\u0151sorban az informatikai, hanem a felhaszn\u00e1l\u00f3i ismereteket, az informatikai \u00edr\u00e1stud\u00e1s megl\u00e9t\u00e9t hivatott igazolni. Az ECDL diplom\u00e1k k\u00f6z\u00fcl megk\u00fcl\u00f6nb\u00f6ztethet\u0151 az <a href=\"http:\/\/www.ecdl.rs\/diplome\/images\/new\/big\/ecdl-core.jpg\" target=\"_blank\">ECDL Core<\/a> (IT alapismeretek, oper\u00e1ci\u00f3s rendszerek, sz\u00f6vegszerkeszt\u00e9s, t\u00e1bl\u00e1zatkezel\u00e9s, adatb\u00e1zis-kezel\u00e9s, prezent\u00e1ci\u00f3, inform\u00e1ci\u00f3 \u00e9s kommunik\u00e1ci\u00f3) , valamint az <a href=\"http:\/\/www.ecdl.rs\/diplome\/images\/new\/big\/ecdl-start-certificate.jpg\" target=\"_self\">ECDL Start<\/a> (4 szabadon v\u00e1lasztott modul a 7 k\u00f6z\u00fcl). Az ECDL \u00e9s a sz\u00e1m\u00edt\u00f3g\u00e9p-haszn\u00e1lat t\u00e9rh\u00f3d\u00edt\u00e1s\u00e1val Szerbi\u00e1ban is egyre t\u00f6bb <a href=\"http:\/\/www.ecdl.rs\/institucije\/index.htm\" target=\"_blank\">c\u00e9g \u00e9s int\u00e9zm\u00e9ny<\/a> felt\u00e9telk\u00e9nt k\u00e9ri az ECDL diplom\u00e1t a munk\u00e1ba\u00e1ll\u00e1szn\u00e1l, illetve k\u00f6vetelm\u00e9nyk\u00e9nt a munkahely megtart\u00e1sakor.<\/p>\n<p style=\"text-align: justify;\">Az ECDL tanfolyamok a <a href=\"http:\/\/www.hrk.hu\/\" target=\"_blank\">HRK Consulting<\/a> szabadkai kirendelts\u00e9ge szervez\u00e9s\u00e9ben ker\u00fclnek lebonyol\u00edt\u00e1sra. A szervez\u00e9s legnagyobb r\u00e9sz\u00e9t \u00a0szabadkai c\u00e9g vezet\u0151je\u00a0Csan\u00e1d Attila, az adminisztr\u00e1ci\u00f3s teend\u0151ket pedig Flajsman L\u00e9k\u00f3 Anik\u00f3 v\u00e9gzi el. A <a href=\"http:\/\/www.hrk.hu\/\" target=\"_blank\">HRK Consulting<\/a> a JISA &#8211; Jedinstveni Informati\u010dki Savez Srbije \u00e1ltal <a href=\"http:\/\/www.ecdl.rs\/testni%20centri\/hrk.html\" target=\"_blank\">akredit\u00e1lt vizsgak\u00f6zpont<\/a>.<\/p>\n<p style=\"text-align: justify;\"><a href=\"http:\/\/blog.namesztovszkizsolt.com\/?p=104\" target=\"_self\"><strong>Aktu\u00e1lis tanfolyamok<\/strong><\/a><br \/>\n<a href=\" http:\/\/blog.namesztovszkizsolt.com\/?p=140\" target=\"_self\"> <\/a><\/p>\n<p style=\"text-align: justify;\"><a href=\"http:\/\/blog.namesztovszkizsolt.com\/?p=140\"><strong>Archivum<\/strong><\/a><\/p>\n<p style=\"text-align: justify;\">Let\u00f6lthet\u0151 seg\u00e9danyagok:<\/p>\n<p style=\"text-align: justify;\"><strong>Modul 1 &#8211; IT alapismertek<\/strong> (<strong><a href=\"http:\/\/www.e.magister.uns.ac.rs\" target=\"_blank\">www.e.magister.uns.ac.rs<\/a><\/strong>)<\/p>\n<p style=\"text-align: justify;\"><a href=\"http:\/\/blog.namesztovszkizsolt.com\/?p=479\" target=\"_self\"><strong>Modul 2 &#8211; Oper\u00e1ci\u00f3s rendszerek<\/strong><\/a><\/p>\n<p style=\"text-align: justify;\"><strong><a href=\"http:\/\/blog.namesztovszkizsolt.com\/?p=770\" target=\"_self\">Modul 3 &#8211; Sz\u00f6vegszerkeszt\u00e9s<\/a><\/strong><\/p>\n<p style=\"text-align: justify;\"><a href=\"http:\/\/blog.namesztovszkizsolt.com\/?p=248\" target=\"_self\"><strong>Modul 4 &#8211; T\u00e1bl\u00e1zatkezel\u00e9s<\/strong><\/a><\/p>\n<p style=\"text-align: justify;\"><strong><a href=\"http:\/\/blog.namesztovszkizsolt.com\/?p=1443\" target=\"_self\">Modul 5 &#8211; Adatb\u00e1zis-kezel\u00e9s<\/a><\/strong><\/p>\n<p style=\"text-align: justify;\"><strong><a href=\"http:\/\/blog.namesztovszkizsolt.com\/?p=1166\" target=\"_self\">Modul 6 &#8211; Prezent\u00e1ci\u00f3k\u00e9sz\u00edt\u00e9s<\/a><\/strong><\/p>\n<p style=\"text-align: justify;\"><strong><a href=\"http:\/\/blog.namesztovszkizsolt.com\/?p=1707\" target=\"_self\"><strong>Gyorsgombok, amelyek megk\u00f6nny\u00edtik a munk\u00e1nkat<\/strong><\/a><\/strong><\/p>\n<p style=\"text-align: justify;\">\n<div id=\"facebook_like\"><iframe src=\"http:\/\/www.facebook.com\/plugins\/like.php?href=http%3A%2F%2Fblog.namesztovszkizsolt.com%2F%3Fpage_id%3D19&amp;layout=standard&amp;show_faces=true&amp;width=500&amp;action=like&amp;font=segoe+ui&amp;colorscheme=light&amp;height=80\" scrolling=\"no\" frameborder=\"0\" style=\"border:none; overflow:hidden; width:500px; height:80px;\" allowTransparency=\"true\"><\/iframe><\/div>","protected":false},"excerpt":{"rendered":"<p>Az Eur\u00f3pai Sz\u00e1m\u00edt\u00f3g\u00e9p-haszn\u00e1l\u00f3i Jogos\u00edtv\u00e1ny (European Computer Driving Licence &#8211; ECDL) \u00a0az Eur\u00f3pai Uni\u00f3 \u00e1ltal t\u00e1mogatott, egys\u00e9ges eur\u00f3pai sz\u00e1m\u00edt\u00f3g\u00e9p-haszn\u00e1l\u00f3i bizony\u00edtv\u00e1ny, amely nem els\u0151sorban az informatikai, hanem a felhaszn\u00e1l\u00f3i ismereteket, az informatikai \u00edr\u00e1stud\u00e1s megl\u00e9t\u00e9t hivatott igazolni. Az ECDL diplom\u00e1k k\u00f6z\u00fcl megk\u00fcl\u00f6nb\u00f6ztethet\u0151 az &hellip; <a href=\"http:\/\/blog.namesztovszkizsolt.com\/?page_id=19\">Continue reading <span class=\"meta-nav\">&rarr;<\/span><\/a><\/p>\n","protected":false},"author":1,"featured_media":0,"parent":0,"menu_order":3,"comment_status":"open","ping_status":"open","template":"","meta":[],"_links":{"self":[{"href":"http:\/\/blog.namesztovszkizsolt.com\/index.php?rest_route=\/wp\/v2\/pages\/19"}],"collection":[{"href":"http:\/\/blog.namesztovszkizsolt.com\/index.php?rest_route=\/wp\/v2\/pages"}],"about":[{"href":"http:\/\/blog.namesztovszkizsolt.com\/index.php?rest_route=\/wp\/v2\/types\/page"}],"author":[{"embeddable":true,"href":"http:\/\/blog.namesztovszkizsolt.com\/index.php?rest_route=\/wp\/v2\/users\/1"}],"replies":[{"embeddable":true,"href":"http:\/\/blog.namesztovszkizsolt.com\/index.php?rest_route=%2Fwp%2Fv2%2Fcomments&post=19"}],"version-history":[{"count":70,"href":"http:\/\/blog.namesztovszkizsolt.com\/index.php?rest_route=\/wp\/v2\/pages\/19\/revisions"}],"predecessor-version":[{"id":1713,"href":"http:\/\/blog.namesztovszkizsolt.com\/index.php?rest_route=\/wp\/v2\/pages\/19\/revisions\/1713"}],"wp:attachment":[{"href":"http:\/\/blog.namesztovszkizsolt.com\/index.php?rest_route=%2Fwp%2Fv2%2Fmedia&parent=19"}],"curies":[{"name":"wp","href":"https:\/\/api.w.org\/{rel}","templated":true}]}}