{"id":15,"date":"2009-10-02T21:55:12","date_gmt":"2009-10-02T20:55:12","guid":{"rendered":"http:\/\/blog.namesztovszkizsolt.com\/?page_id=15"},"modified":"2014-10-31T15:14:53","modified_gmt":"2014-10-31T14:14:53","slug":"mttk","status":"publish","type":"page","link":"http:\/\/blog.namesztovszkizsolt.com\/?page_id=15","title":{"rendered":"MTTK"},"content":{"rendered":"<p><img loading=\"lazy\" class=\"alignnone\" alt=\"\" src=\"http:\/\/blog.namesztovszkizsolt.com\/wp-content\/uploads\/2009\/10\/sargahazres.jpg\" width=\"602\" height=\"132\" \/><\/p>\n<p><strong>Konzult\u00e1ci\u00f3s id\u0151pontjaim<\/strong><\/p>\n<p>kedd: \u00a09.00 &#8211; 10.00<\/p>\n<p>cs\u00fct\u00f6rt\u00f6k: \u00a09.00 &#8211; 10.00<\/p>\n<p><a href=\"http:\/\/magister.uns.ac.rs\/attachments\/article\/96\/ORAREND%202014%20OKT%202.pdf\" target=\"_blank\"><strong>El\u0151ad\u00e1saim id\u0151pontjai<\/strong><\/a><\/p>\n<p><a href=\"http:\/\/blog.namesztovszkizsolt.com\/?p=276\" target=\"_self\"><strong>Informatika alapjai<\/strong><\/a><\/p>\n<p><a href=\"http:\/\/blog.namesztovszkizsolt.com\/?p=1008\" target=\"_self\"><strong>Oktat\u00e1sinformatika<\/strong><\/a><\/p>\n<p><a href=\"http:\/\/blog.namesztovszkizsolt.com\/?p=1001\" target=\"_self\"><strong>Oktat\u00e1stechnol\u00f3gia<\/strong><\/a><\/p>\n<p><a href=\"http:\/\/blog.namesztovszkizsolt.com\/?p=2822\" target=\"_self\"><strong>E-learning k\u00f6rnyezetek telep\u00edt\u00e9se \u00e9s testreszab\u00e1sa<\/strong><\/a><\/p>\n<p><a href=\"http:\/\/blog.namesztovszkizsolt.com\/?p=1072\" target=\"_self\"><strong>T\u00e1vhallgat\u00f3k<\/strong><\/a><\/p>\n<p><a href=\"http:\/\/blog.namesztovszkizsolt.com\/?p=2786\" target=\"_self\"><strong>Diplomadolgozat\/T\u00e9majavaslatok<\/strong><\/a><\/p>\n<p>Sz\u00e1m\u00edt\u00f3g\u00e9p alkalmaz\u00e1sa a matematika oktat\u00e1s\u00e1ban (v\u00e1laszthat\u00f3 &#8211; tan\u00edt\u00f3k)<\/p>\n<p>Sz\u00e1m\u00edt\u00f3g\u00e9p alkalmaz\u00e1sa az \u00f3vodai foglalkoz\u00e1sokon\u00a0(v\u00e1laszthat\u00f3 &#8211; \u00f3v\u00f3k)<\/p>\n<p>E-learning k\u00f6rnyezetek telep\u00edt\u00e9se \u00e9s testreszab\u00e1sa\u00a0(v\u00e1laszthat\u00f3 &#8211; tan\u00edt\u00f3k)<\/p>\n<p><a href=\"http:\/\/blog.namesztovszkizsolt.com\/?p=1072\" target=\"_self\"><strong>T\u00e1vhallgat\u00f3k<\/strong><\/a><\/p>\n<p><strong>Egy\u00e9b:<\/strong><\/p>\n<p><a href=\"http:\/\/blog.namesztovszkizsolt.com\/?p=805\" target=\"_self\"><strong>Oszt\u00e1lyf\u0151n\u00f6ki k\u00f6zlem\u00e9nyek<\/strong><\/a><\/p>\n<p><a href=\"http:\/\/blog.namesztovszkizsolt.com\/?p=1707\" target=\"_self\"><strong>Gyorsgombok, amelyek megk\u00f6nny\u00edtik a munk\u00e1nkat<\/strong><\/a><\/p>\n<p><strong><a href=\"http:\/\/blog.namesztovszkizsolt.com\/wp-content\/uploads\/2009\/10\/szeminariumimunkafelepitese.doc\" target=\"_blank\">Szemin\u00e1riumi munk\u00e1k technikai \u00e9s tartalmi k\u00f6vetelm\u00e9nyei<\/a><\/strong><\/p>\n<p><a href=\"http:\/\/blog.namesztovszkizsolt.com\/?p=347\" target=\"_self\"><strong>Kedvezm\u00e9nyes ECDL tanfolyam<\/strong><\/a><\/p>\n<p><strong>R\u00e9szletesebb inform\u00e1ci\u00f3k a karr\u00f3l:<\/strong><\/p>\n<p><a href=\"http:\/\/www.magister.uns.ac.rs\" target=\"_blank\"><strong>www.magister.uns.ac.rs<\/strong><\/a><\/p>\n<div id=\"facebook_like\"><iframe src=\"http:\/\/www.facebook.com\/plugins\/like.php?href=http%3A%2F%2Fblog.namesztovszkizsolt.com%2F%3Fpage_id%3D15&amp;layout=standard&amp;show_faces=true&amp;width=500&amp;action=like&amp;font=segoe+ui&amp;colorscheme=light&amp;height=80\" scrolling=\"no\" frameborder=\"0\" style=\"border:none; overflow:hidden; width:500px; height:80px;\" allowTransparency=\"true\"><\/iframe><\/div>","protected":false},"excerpt":{"rendered":"<p>Konzult\u00e1ci\u00f3s id\u0151pontjaim kedd: \u00a09.00 &#8211; 10.00 cs\u00fct\u00f6rt\u00f6k: \u00a09.00 &#8211; 10.00 El\u0151ad\u00e1saim id\u0151pontjai Informatika alapjai Oktat\u00e1sinformatika Oktat\u00e1stechnol\u00f3gia E-learning k\u00f6rnyezetek telep\u00edt\u00e9se \u00e9s testreszab\u00e1sa T\u00e1vhallgat\u00f3k Diplomadolgozat\/T\u00e9majavaslatok Sz\u00e1m\u00edt\u00f3g\u00e9p alkalmaz\u00e1sa a matematika oktat\u00e1s\u00e1ban (v\u00e1laszthat\u00f3 &#8211; tan\u00edt\u00f3k) Sz\u00e1m\u00edt\u00f3g\u00e9p alkalmaz\u00e1sa az \u00f3vodai foglalkoz\u00e1sokon\u00a0(v\u00e1laszthat\u00f3 &#8211; \u00f3v\u00f3k) E-learning k\u00f6rnyezetek &hellip; <a href=\"http:\/\/blog.namesztovszkizsolt.com\/?page_id=15\">Continue reading <span class=\"meta-nav\">&rarr;<\/span><\/a><\/p>\n","protected":false},"author":1,"featured_media":0,"parent":0,"menu_order":1,"comment_status":"open","ping_status":"open","template":"","meta":[],"_links":{"self":[{"href":"http:\/\/blog.namesztovszkizsolt.com\/index.php?rest_route=\/wp\/v2\/pages\/15"}],"collection":[{"href":"http:\/\/blog.namesztovszkizsolt.com\/index.php?rest_route=\/wp\/v2\/pages"}],"about":[{"href":"http:\/\/blog.namesztovszkizsolt.com\/index.php?rest_route=\/wp\/v2\/types\/page"}],"author":[{"embeddable":true,"href":"http:\/\/blog.namesztovszkizsolt.com\/index.php?rest_route=\/wp\/v2\/users\/1"}],"replies":[{"embeddable":true,"href":"http:\/\/blog.namesztovszkizsolt.com\/index.php?rest_route=%2Fwp%2Fv2%2Fcomments&post=15"}],"version-history":[{"count":88,"href":"http:\/\/blog.namesztovszkizsolt.com\/index.php?rest_route=\/wp\/v2\/pages\/15\/revisions"}],"predecessor-version":[{"id":3058,"href":"http:\/\/blog.namesztovszkizsolt.com\/index.php?rest_route=\/wp\/v2\/pages\/15\/revisions\/3058"}],"wp:attachment":[{"href":"http:\/\/blog.namesztovszkizsolt.com\/index.php?rest_route=%2Fwp%2Fv2%2Fmedia&parent=15"}],"curies":[{"name":"wp","href":"https:\/\/api.w.org\/{rel}","templated":true}]}}